{"id":5,"date":"2021-11-17T21:07:15","date_gmt":"2021-11-17T20:07:15","guid":{"rendered":"http:\/\/fabienm.eu\/raconteur\/?page_id=5"},"modified":"2021-11-28T09:33:59","modified_gmt":"2021-11-28T08:33:59","slug":"le-raconteur-dhistoires","status":"publish","type":"page","link":"https:\/\/fabienm.eu\/raconteur\/le-raconteur-dhistoires\/","title":{"rendered":"Le raconteur d&rsquo;histoires"},"content":{"rendered":"\n<div class=\"wp-block-image\"><figure class=\"aligncenter size-full\"><img loading=\"lazy\" decoding=\"async\" width=\"600\" height=\"427\" src=\"http:\/\/fabienm.eu\/raconteur\/wp-content\/uploads\/2021\/11\/raconteur_fimo.png\" alt=\"\" class=\"wp-image-17\" srcset=\"https:\/\/fabienm.eu\/raconteur\/wp-content\/uploads\/2021\/11\/raconteur_fimo.png 600w, https:\/\/fabienm.eu\/raconteur\/wp-content\/uploads\/2021\/11\/raconteur_fimo-300x214.png 300w\" sizes=\"auto, (max-width: 600px) 100vw, 600px\" \/><figcaption>Version aboutie, il n&rsquo;y a plus qu&rsquo;a coder !<\/figcaption><\/figure><\/div>\n\n\n\n<p>Le <strong>Raconteur<\/strong> est une boite \u00e0 histoires. Elle permet de diffuser des histoires au moyen d&rsquo;un petit haut-parleur.<\/p>\n\n\n\n<div class=\"wp-block-image\"><figure class=\"aligncenter size-full\"><img loading=\"lazy\" decoding=\"async\" width=\"500\" height=\"480\" src=\"http:\/\/fabienm.eu\/raconteur\/wp-content\/uploads\/2021\/11\/Raconteur.jpg\" alt=\"\" class=\"wp-image-6\" srcset=\"https:\/\/fabienm.eu\/raconteur\/wp-content\/uploads\/2021\/11\/Raconteur.jpg 500w, https:\/\/fabienm.eu\/raconteur\/wp-content\/uploads\/2021\/11\/Raconteur-300x288.jpg 300w\" sizes=\"auto, (max-width: 500px) 100vw, 500px\" \/><figcaption>Premi\u00e8re version \u00abpalette\u00bb du Raconteur<\/figcaption><\/figure><\/div>\n\n\n\n<p>Les histoires au format mp3 sont \u00e9crites sur une carte micro-SD, une petite image symbolisant l&rsquo;histoire est \u00e9galement enregistr\u00e9e sur la carte m\u00e9moire pour \u00eatre affich\u00e9e sur un petit \u00e9cran lors de la s\u00e9lection.<\/p>\n\n\n\n<p>Le Raconteur se veut suffisamment simple pour \u00eatre utilis\u00e9 par un enfant ne sachant pas encore lire. Le Raconteur ne dispose pas de connexions \u00absans fils\u00bb pour une exp\u00e9rience des histoires compl\u00e8tement d\u00e9connect\u00e9 du Claude. De m\u00eame l&rsquo;\u00e9cran se limite \u00e0 l&rsquo;affichage d&rsquo;une image permettant la s\u00e9lection de l&rsquo;histoire, l&rsquo;\u00e9cran s&rsquo;\u00e9teint lorsque l&rsquo;histoire commence.<\/p>\n","protected":false},"excerpt":{"rendered":"<p>Le Raconteur est une boite \u00e0 histoires. Elle permet de diffuser des histoires au moyen d&rsquo;un petit haut-parleur. Les histoires au format mp3 sont \u00e9crites sur une carte micro-SD, une petite image symbolisant l&rsquo;histoire est \u00e9galement enregistr\u00e9e sur la carte m\u00e9moire pour \u00eatre affich\u00e9e sur un petit \u00e9cran lors de la s\u00e9lection. Le Raconteur se &hellip; <a href=\"https:\/\/fabienm.eu\/raconteur\/le-raconteur-dhistoires\/\" class=\"more-link\">Continuer la lecture de <span class=\"screen-reader-text\">Le raconteur d&rsquo;histoires<\/span> <span class=\"meta-nav\">&rarr;<\/span><\/a><\/p>\n","protected":false},"author":1,"featured_media":0,"parent":0,"menu_order":0,"comment_status":"closed","ping_status":"closed","template":"","meta":{"footnotes":""},"class_list":["post-5","page","type-page","status-publish","hentry"],"_links":{"self":[{"href":"https:\/\/fabienm.eu\/raconteur\/wp-json\/wp\/v2\/pages\/5","targetHints":{"allow":["GET"]}}],"collection":[{"href":"https:\/\/fabienm.eu\/raconteur\/wp-json\/wp\/v2\/pages"}],"about":[{"href":"https:\/\/fabienm.eu\/raconteur\/wp-json\/wp\/v2\/types\/page"}],"author":[{"embeddable":true,"href":"https:\/\/fabienm.eu\/raconteur\/wp-json\/wp\/v2\/users\/1"}],"replies":[{"embeddable":true,"href":"https:\/\/fabienm.eu\/raconteur\/wp-json\/wp\/v2\/comments?post=5"}],"version-history":[{"count":2,"href":"https:\/\/fabienm.eu\/raconteur\/wp-json\/wp\/v2\/pages\/5\/revisions"}],"predecessor-version":[{"id":18,"href":"https:\/\/fabienm.eu\/raconteur\/wp-json\/wp\/v2\/pages\/5\/revisions\/18"}],"wp:attachment":[{"href":"https:\/\/fabienm.eu\/raconteur\/wp-json\/wp\/v2\/media?parent=5"}],"curies":[{"name":"wp","href":"https:\/\/api.w.org\/{rel}","templated":true}]}}